{"id":72,"date":"2023-04-11T12:18:09","date_gmt":"2023-04-11T12:18:09","guid":{"rendered":"https:\/\/qisecurity.se\/?page_id=72"},"modified":"2023-08-07T07:28:30","modified_gmt":"2023-08-07T05:28:30","slug":"72-2","status":"publish","type":"page","link":"https:\/\/qisecurity.se\/en\/72-2\/","title":{"rendered":"Our services"},"content":{"rendered":"<h1 class=\"wp-block-heading\"><\/h1>\n\n\n\n<p>Please send us a message if you don't see your needed service here.<\/p>\n\n\n\n<p><span style=\"text-decoration: underline;\">Examples of services we provide:<\/span><\/p>\n\n\n\n<ul class=\"wp-block-list\">\n<li>Design \/ Architecture<\/li>\n\n\n\n<li>Preliminary studies \/ Analysis<\/li>\n\n\n\n<li>Installation \/ Implementation \/ Configuration<\/li>\n\n\n\n<li>Integration<\/li>\n\n\n\n<li>Training \/ Workshops<\/li>\n<\/ul>\n\n\n\n<p><span style=\"text-decoration: underline;\">Our main product focus is on<strong>&nbsp;Micro Focus ArcSight&nbsp;<\/strong>with all its components, such as:<\/span><\/p>\n\n\n\n<ul class=\"wp-block-list\">\n<li>ESM (Enterprise Security Manager \/ SIEM)<\/li>\n\n\n\n<li>ArcSight Platform inkl SOAR, Transformation Hub<\/li>\n\n\n\n<li>Management Center<\/li>\n\n\n\n<li>Logger<\/li>\n\n\n\n<li>Smart\/Flex Connectors and Load Balancer<\/li>\n<\/ul>\n\n\n\n<p><span style=\"text-decoration: underline;\">Other areas we provide service in:<\/span><\/p>\n\n\n\n<ul class=\"wp-block-list\">\n<li>Microsoft Azure Sentinel<\/li>\n\n\n\n<li>Palo Alto Networks Cortex XSOAR<\/li>\n\n\n\n<li>Elastic Stack<\/li>\n\n\n\n<li>Micro Focus Network Node Manager (NNMi) with NPS and iSPIs<\/li>\n\n\n\n<li>Investigations<\/li>\n\n\n\n<li>Logging, SIEM, SOAR, and Network Management<\/li>\n<\/ul>","protected":false},"excerpt":{"rendered":"<p>Skicka g\u00e4rna ett meddelande om du inte ser det du beh\u00f6ver hj\u00e4lp med listat h\u00e4r. Exempel p\u00e5 uppdrag vi tar: V\u00e5ra prim\u00e4ra produktomr\u00e5den \u00e4r&nbsp;Micro Focus ArcSight&nbsp;med alla dess ing\u00e5ende delar som: Andra omr\u00e5den vi tar uppdrag inom \u00e4r:<\/p>","protected":false},"author":2,"featured_media":0,"parent":0,"menu_order":0,"comment_status":"closed","ping_status":"closed","template":"","meta":{"footnotes":""},"class_list":["post-72","page","type-page","status-publish","hentry"],"_links":{"self":[{"href":"https:\/\/qisecurity.se\/en\/wp-json\/wp\/v2\/pages\/72","targetHints":{"allow":["GET"]}}],"collection":[{"href":"https:\/\/qisecurity.se\/en\/wp-json\/wp\/v2\/pages"}],"about":[{"href":"https:\/\/qisecurity.se\/en\/wp-json\/wp\/v2\/types\/page"}],"author":[{"embeddable":true,"href":"https:\/\/qisecurity.se\/en\/wp-json\/wp\/v2\/users\/2"}],"replies":[{"embeddable":true,"href":"https:\/\/qisecurity.se\/en\/wp-json\/wp\/v2\/comments?post=72"}],"version-history":[{"count":6,"href":"https:\/\/qisecurity.se\/en\/wp-json\/wp\/v2\/pages\/72\/revisions"}],"predecessor-version":[{"id":234,"href":"https:\/\/qisecurity.se\/en\/wp-json\/wp\/v2\/pages\/72\/revisions\/234"}],"wp:attachment":[{"href":"https:\/\/qisecurity.se\/en\/wp-json\/wp\/v2\/media?parent=72"}],"curies":[{"name":"wp","href":"https:\/\/api.w.org\/{rel}","templated":true}]}}