{"id":13,"date":"2023-04-11T10:23:08","date_gmt":"2023-04-11T10:23:08","guid":{"rendered":"https:\/\/qisecurity.se\/?page_id=13"},"modified":"2023-08-07T07:48:51","modified_gmt":"2023-08-07T05:48:51","slug":"om-oss","status":"publish","type":"page","link":"https:\/\/qisecurity.se\/en\/om-oss\/","title":{"rendered":"About us"},"content":{"rendered":"<h1 class=\"wp-block-heading\"><\/h1>\n\n\n\n<p>Every morning at five o'clock I trudge up a hill. There I practice Tai Ji, a Chinese martial art. It's everything from cold to warm, to challenging to pleasant. But it is above all me. Unfortunately, I am not standing in a temple on a mountain top in China. Instead, I'm in the slightly less romantic place that is my apartment's backyard in Sweden. But it's a better place, in its way. Because after the morning training, I have the luxury of going to my clients, and there continue my training \u2015 expressed in another way. From having protected the body from disease, I now protect your IT from security threats. I have done this together with my wife Karin's help since 2020. At the moment I am the only consultant in the company. Among other things, I work with design, preliminary studies, architecture, investigations, implementation, integration and training. I have done that for almost 30 years. For just as long, I have practiced Tai Ji and Aikido, which emphasize cultivating balance and harmony through the life force Qi. Hence the name Qi Security.<\/p>\n\n\n\n<figure class=\"wp-block-image size-full is-resized\"><img loading=\"lazy\" decoding=\"async\" src=\"https:\/\/qisecurity.se\/wp-content\/uploads\/2023\/04\/image-13.png\" alt=\"\" class=\"wp-image-126\" width=\"293\" height=\"368\" srcset=\"https:\/\/qisecurity.se\/wp-content\/uploads\/2023\/04\/image-13.png 585w, https:\/\/qisecurity.se\/wp-content\/uploads\/2023\/04\/image-13-239x300.png 239w, https:\/\/qisecurity.se\/wp-content\/uploads\/2023\/04\/image-13-10x12.png 10w\" sizes=\"auto, (max-width: 293px) 100vw, 293px\" \/><\/figure>\n\n\n\n<p>Lars Niklasson - Consultant and CEO<\/p>\n\n\n\n<p><\/p>\n\n\n\n<figure class=\"wp-block-image size-full is-resized\"><img loading=\"lazy\" decoding=\"async\" src=\"https:\/\/qisecurity.se\/wp-content\/uploads\/2023\/04\/image-8.png\" alt=\"\" class=\"wp-image-76\" width=\"292\" height=\"292\" srcset=\"https:\/\/qisecurity.se\/wp-content\/uploads\/2023\/04\/image-8.png 720w, https:\/\/qisecurity.se\/wp-content\/uploads\/2023\/04\/image-8-300x300.png 300w, https:\/\/qisecurity.se\/wp-content\/uploads\/2023\/04\/image-8-150x150.png 150w, https:\/\/qisecurity.se\/wp-content\/uploads\/2023\/04\/image-8-12x12.png 12w\" sizes=\"auto, (max-width: 292px) 100vw, 292px\" \/><\/figure>\n\n\n\n<p>Karin Stenmark Niklasson - Financial Manager and Vice president<\/p>\n\n\n\n<p><\/p>\n\n\n\n<figure class=\"wp-block-image size-full is-resized\"><img loading=\"lazy\" decoding=\"async\" src=\"https:\/\/qisecurity.se\/wp-content\/uploads\/2023\/04\/image-11.png\" alt=\"\" class=\"wp-image-120\" width=\"298\" height=\"350\" srcset=\"https:\/\/qisecurity.se\/wp-content\/uploads\/2023\/04\/image-11.png 397w, https:\/\/qisecurity.se\/wp-content\/uploads\/2023\/04\/image-11-255x300.png 255w, https:\/\/qisecurity.se\/wp-content\/uploads\/2023\/04\/image-11-10x12.png 10w\" sizes=\"auto, (max-width: 298px) 100vw, 298px\" \/><\/figure>\n\n\n\n<p>Sickan - Administrative Manager<\/p>\n\n\n\n<p><\/p>","protected":false},"excerpt":{"rendered":"<p>Varje morgon klockan fem traskar jag upp f\u00f6r en kulle. D\u00e4r praktiserar jag Tai Ji, kinesisk kampsport. Det \u00e4r allt fr\u00e5n kallt till varmt, till utmanande till behagligt. Men det \u00e4r framf\u00f6r allt Jag. Dessv\u00e4rre \u00e4r det inte i ett tempel p\u00e5 en bergstopp i Kina jag st\u00e5r p\u00e5. I st\u00e4llet \u00e4r jag p\u00e5 den &hellip; <\/p>\n<div class=\"link-more text-center\"><a href=\"https:\/\/qisecurity.se\/en\/om-oss\/\" class=\"more-link py-2 px-4\">Read More<span class=\"screen-reader-text\"> &#8221;Om oss&#8221;<\/span><\/a><\/div>","protected":false},"author":2,"featured_media":0,"parent":0,"menu_order":0,"comment_status":"closed","ping_status":"closed","template":"","meta":{"footnotes":""},"class_list":["post-13","page","type-page","status-publish","hentry"],"_links":{"self":[{"href":"https:\/\/qisecurity.se\/en\/wp-json\/wp\/v2\/pages\/13","targetHints":{"allow":["GET"]}}],"collection":[{"href":"https:\/\/qisecurity.se\/en\/wp-json\/wp\/v2\/pages"}],"about":[{"href":"https:\/\/qisecurity.se\/en\/wp-json\/wp\/v2\/types\/page"}],"author":[{"embeddable":true,"href":"https:\/\/qisecurity.se\/en\/wp-json\/wp\/v2\/users\/2"}],"replies":[{"embeddable":true,"href":"https:\/\/qisecurity.se\/en\/wp-json\/wp\/v2\/comments?post=13"}],"version-history":[{"count":15,"href":"https:\/\/qisecurity.se\/en\/wp-json\/wp\/v2\/pages\/13\/revisions"}],"predecessor-version":[{"id":237,"href":"https:\/\/qisecurity.se\/en\/wp-json\/wp\/v2\/pages\/13\/revisions\/237"}],"wp:attachment":[{"href":"https:\/\/qisecurity.se\/en\/wp-json\/wp\/v2\/media?parent=13"}],"curies":[{"name":"wp","href":"https:\/\/api.w.org\/{rel}","templated":true}]}}